{"id":21,"date":"2025-09-20T09:26:07","date_gmt":"2025-09-20T09:26:07","guid":{"rendered":"https:\/\/diamondmotion.de\/?page_id=21"},"modified":"2025-09-26T14:08:28","modified_gmt":"2025-09-26T14:08:28","slug":"agb","status":"publish","type":"page","link":"https:\/\/diamondmotion.de\/en\/agb\/","title":{"rendered":"AGB"},"content":{"rendered":"<div data-elementor-type=\"wp-page\" data-elementor-id=\"21\" class=\"elementor elementor-21\" data-elementor-post-type=\"page\">\n\t\t\t\t\t\t<section class=\"elementor-section elementor-top-section elementor-element elementor-element-4b0c1b0 elementor-section-full_width elementor-section-height-default elementor-section-height-default\" data-id=\"4b0c1b0\" data-element_type=\"section\" data-e-type=\"section\">\n\t\t\t\t\t\t<div class=\"elementor-container elementor-column-gap-default\">\n\t\t\t\t\t<div class=\"elementor-column elementor-col-100 elementor-top-column elementor-element elementor-element-7a58508\" data-id=\"7a58508\" data-element_type=\"column\" data-e-type=\"column\">\n\t\t\t<div class=\"elementor-widget-wrap elementor-element-populated\">\n\t\t\t\t\t\t<section class=\"elementor-section elementor-inner-section elementor-element elementor-element-bce4931 elementor-section-boxed elementor-section-height-default elementor-section-height-default\" data-id=\"bce4931\" data-element_type=\"section\" data-e-type=\"section\">\n\t\t\t\t\t\t<div class=\"elementor-container elementor-column-gap-default\">\n\t\t\t\t\t<div class=\"elementor-column elementor-col-33 elementor-inner-column elementor-element elementor-element-bd48cef\" data-id=\"bd48cef\" data-element_type=\"column\" data-e-type=\"column\">\n\t\t\t<div class=\"elementor-widget-wrap\">\n\t\t\t\t\t\t\t<\/div>\n\t\t<\/div>\n\t\t\t\t<div class=\"elementor-column elementor-col-33 elementor-inner-column elementor-element elementor-element-c62baf8\" data-id=\"c62baf8\" data-element_type=\"column\" data-e-type=\"column\">\n\t\t\t<div class=\"elementor-widget-wrap elementor-element-populated\">\n\t\t\t\t\t\t<div class=\"elementor-element elementor-element-a7f94bb elementor-widget elementor-widget-heading\" data-id=\"a7f94bb\" data-element_type=\"widget\" data-e-type=\"widget\" data-widget_type=\"heading.default\">\n\t\t\t\t\t<h2 class=\"elementor-heading-title elementor-size-default\">Agb<\/h2>\t\t\t\t<\/div>\n\t\t\t\t<div class=\"elementor-element elementor-element-996ce5f elementor-widget elementor-widget-text-editor\" data-id=\"996ce5f\" data-element_type=\"widget\" data-e-type=\"widget\" data-widget_type=\"text-editor.default\">\n\t\t\t\t\t\t\t\t\t<p><b>Muritec GmbH \u00b7 Otto Stra\u00dfe 70 \u00b7 52070 Aachen\u00a0 31.07.2025<br \/><br \/>Allgemeine Gesch\u00e4ftsbedingungen (AGB) der Muritec GmbH f\u00fcr die Vermietung von Fahrzeugen<\/b><\/p><p><a href=\"https:\/\/diamondmotion.de\/wp-content\/uploads\/2025\/09\/AGB-Fahrzeugmiete-Muritec.pdf\"><strong>Download \ud83d\udce5<\/strong><\/a><\/p><p>Diamond Motion GmbH<\/p><p><b>\u00a71 Geltungsbereich und Vertragsgrundlagen<\/b><\/p><p>\u00a0<\/p><p>(1) Die Allgemeinen Gesch\u00e4ftsbedingungen (AGB) regeln die Bedingungen f\u00fcr die entgeltliche, zeitlich befristete<br \/>\u00dcberlassung von Kraftfahrzeugen durch die Muritec GmbH an Mieter, die entweder Verbraucher im Sinne des \u00a7\u202f13 BGB<br \/>oder Unternehmer im Sinne des \u00a7\u202f14 BGB sind. Abweichende oder erg\u00e4nzende Vertragsbedingungen des Mieters finden<br \/>keine Anwendung, es sei denn, sie wurden vom Vermieter ausdr\u00fccklich und schriftlich anerkannt. M\u00fcndliche<br \/>Nebenabreden bestehen nicht. Diese Allgemeinen Gesch\u00e4ftsbedingungen (AGB) gelten f\u00fcr s\u00e4mtliche Vertr\u00e4ge \u00fcber die<br \/>entgeltliche, zeitlich befristete \u00dcberlassung von Kraftfahrzeugen durch die Muritec GmbH, Otto Str. 70, 52070 Aachen<br \/>(nachfolgend \u201eVermieter\u201c) an Mieter, die entweder Verbraucher gem\u00e4\u00df \u00a7\u202f13 BGB oder Unternehmer gem\u00e4\u00df \u00a7\u202f14 BGB sind.<br \/>(2) Abweichende oder erg\u00e4nzende Vertragsbedingungen des Mieters finden keine Anwendung, es sei denn, der Vermieter<br \/>erkennt diese ausdr\u00fccklich schriftlich an.<\/p><p>\u00a0<\/p><p><b>\u00a72 Vertragsschluss und Voraussetzungen<\/b><\/p><p>(1) Ein wirksamer Mietvertrag kommt durch schriftliche Best\u00e4tigung des Vermieters sowie durch \u00dcbergabe des Fahrzeugs<br \/>an den Mieter zustande.<br \/>(2) Der Mieter muss das 21. Lebensjahr vollendet haben und seit mindestens drei Jahren im Besitz einer g\u00fcltigen<br \/>Fahrerlaubnis der entsprechenden Fahrzeugklasse sein.<br \/>(3) Der Mieter ist verpflichtet, bei Fahrzeug\u00fcbernahme ein g\u00fcltiges Ausweisdokument, den F\u00fchrerschein sowie ein g\u00fcltiges<br \/>Zahlungsmittel vorzulegen.<br \/>(4) Der Mieter hat die AGB vorab zur Kenntnis zu nehmen und die \u00dcberlassungsvereinbarung verbindlich zu unterzeichnen<\/p><p>\u00a0<\/p><p><b>\u00a73 Fahrzeug\u00fcbergabe und -r\u00fcckgabe <\/b><\/p><p>(1) Das Fahrzeug wird dem Mieter in gereinigtem, verkehrs- und betriebssicherem Zustand einschlie\u00dflich aller<br \/>mitvermieteten Zubeh\u00f6rteile \u00fcbergeben.<br \/>(2) Der Mieter verpflichtet sich, das Fahrzeug zum vertraglich vereinbarten R\u00fcckgabezeitpunkt und R\u00fcckgabeort<br \/>vollgetankt, unbesch\u00e4digt und in gereinigtem Zustand zur\u00fcckzugeben.<br \/>(3) F\u00fcr fehlenden Kraftstoff werden mindestens 2,00\u202f\u20ac je Liter, f\u00fcr \u00fcberm\u00e4\u00dfige Verschmutzungen pauschal 150,00\u202f\u20ac in<br \/>Rechnung gestellt.<br \/>(4) Erfolgt die R\u00fcckgabe au\u00dferhalb der \u00d6ffnungszeiten oder an einem vom Vertrag abweichenden Ort, tr\u00e4gt der Mieter bis<br \/>zur tats\u00e4chlichen R\u00fccknahme durch den Vermieter das Risiko.<br \/>(5) Bei \u00dcbergabe hat der Mieter das Fahrzeug auf etwaige Vorsch\u00e4den zu pr\u00fcfen. Unterbleibt eine unverz\u00fcgliche Meldung,<br \/>gelten unerkannte Sch\u00e4den als vom Mieter verursacht.<\/p><p>\u00a0<\/p><p><b>\u00a74 Nutzung des Fahrzeugs<\/b><\/p><p>(1) Die Nutzung ist auf den vertraglich vorgesehenen Zweck beschr\u00e4nkt. Der Mieter verpflichtet sich, das Fahrzeug<br \/>ausschlie\u00dflich im Rahmen der geltenden Stra\u00dfenverkehrsordnung zu f\u00fchren.<br \/>(2) Die Nutzung des Fahrzeugs f\u00fcr motorsportliche Zwecke, auf Rennstrecken, zur gewerblichen Personen- oder<br \/>Gefahrgutbef\u00f6rderung, zur Weitervermietung oder f\u00fcr sonstige unzul\u00e4ssige Zwecke ist untersagt.<br \/>(3) Der Transport leicht entz\u00fcndlicher, explosiver oder gef\u00e4hrlicher Stoffe ist untersagt.<br \/>(4) Die Weitergabe des Fahrzeugs an Dritte ist ohne ausdr\u00fcckliche schriftliche Zustimmung des Vermieters nicht gestattet.<br \/>(5) Eine Untervermietung der Fahrzeuge ist Strengstens untersagt und unterliegt einer Vertragsstrafe von 1000\u20ac.Der Vermieter kann bei groben Verst\u00f6\u00dfen gegen die Nutzungsvorschriften eine Vertragsstrafe von bis zu 1.000,00\u202f\u20ac je<br \/>Einzelfall verlangen. Weitergehende Schadensersatzanspr\u00fcche bleiben unber\u00fchrt.<\/p><p>\u00a0<\/p><p><b>\u00a75 Versicherung und Haftung <\/b><\/p><p>(1) Das Fahrzeug ist mit Haftpflicht-, Teilkasko- und Vollkaskoversicherung ausgestattet. Die Selbstbeteiligung je<br \/>Schadenfall betr\u00e4gt 1.500,00\u202f\u20ac.<br \/>(2) Der Mieter haftet auch \u00fcber die vereinbarte Selbstbeteiligung hinaus, sofern der Versicherungsschutz durch grob<br \/>fahrl\u00e4ssiges oder vors\u00e4tzliches Verhalten entf\u00e4llt.<br \/>(3) Der Mieter stellt den Vermieter von allen Anspr\u00fcchen Dritter frei, die im Zusammenhang mit der Nutzung des<br \/>Fahrzeugs entstehen.<br \/>(4) Der Versicherungsschutz entf\u00e4llt vollst\u00e4ndig bei:<br \/>\u2013 Motor-Software-Manipulation,<br \/>\u2013 Alkohol-\/Drogenfahrt,<br \/>\u2013 Unfallflucht,<br \/>\u2013 Versto\u00df gegen Werkstattbindung,<br \/>\u2013 eigenm\u00e4chtiger Reparatur,<br \/>\u2013 Rennfahrten,<br \/>\u2013 grober Fahrl\u00e4ssigkeit.<br \/>\u2013 auf Rennstrecken<br \/>\u2013 Nutzung durch dritte<br \/>(5) Sch\u00e4den durch falsche Betankung, Entladung von E-Fahrzeugen oder Verwendung ungeeigneter Ladetechnik sind vom<br \/>Mieter in vollem Umfang zu tragen.<br \/>(6) Der Verlust von Fahrzeugschl\u00fcsseln, Fernbedienungen oder Dokumenten (z.\u202fB. Zulassungsbescheinigung Teil I) ist nicht<br \/>versichert. Der Mieter haftet f\u00fcr Ersatzbeschaffung, Programmierung, m\u00f6gliche Schlie\u00dfanlagentausche,<br \/>Verwaltungsgeb\u00fchren, Abschlepp- und Stilllegungskosten sowie Folgekosten durch Dritte.<br \/>(7) Bei besonders schwerwiegenden Vertragsverst\u00f6\u00dfen kann eine Vertragsstrafe in H\u00f6he von bis zu 1.000,00\u202f\u20ac je Einzelfall<br \/>geltend gemacht werden. Weitere Versicherungs-Bedingungen sind der Separaten Versicherung Police ausgewiesen.<br \/>(8) Nicht gedeckt durch die Haftungsreduzierung sind insbesondere Sch\u00e4den an Reifen, Felgen, Unterboden, Kupplung,<br \/>Glassch\u00e4den, Innenraum, Vandalismus sowie alle Sch\u00e4den durch Bedienfehler oder unsachgem\u00e4\u00dfen Gebrauch.<br \/>(9) Bei Diebstahl oder Unterschlagung durch unberechtigte Dritte haftet der Mieter vollumf\u00e4nglich, sofern ihm eine<br \/>Verletzung seiner Obhutspflichten zur Last f\u00e4llt<\/p><p>\u00a0<\/p><p><b>\u00a76 Verhalten im Schadenfall <\/b><\/p><p>(1) Jeder Unfall, Diebstahl, Wild- oder Brandschaden ist dem Vermieter sowie der Polizei unverz\u00fcglich, sp\u00e4testens<br \/>innerhalb von 60 Minuten, telefonisch zu melden.<br \/>(2) Bei Unf\u00e4llen ist die Polizei stets hinzuzuziehen und ein Unfallbericht zu erstellen.<br \/>(3) Der Mieter hat dem Vermieter schriftlich und vollst\u00e4ndig den Schadenhergang zu schildern.<br \/>(4) Reparaturen d\u00fcrfen ausschlie\u00dflich in vom Vermieter autorisierten Fachwerkst\u00e4tten und nur mit dessen ausdr\u00fccklicher<br \/>Genehmigung erfolgen<\/p><p>\u00a0<\/p><p><b>\u00a77 Mietpreis, Zahlungsbedingungen, Kaution und Zahlungsarten<\/b><\/p><p>(1) Mietpreise, Leistungen und Nebenkosten ergeben sich aus dem schriftlichen Mietvertrag bzw. der jeweils g\u00fcltigen<br \/>Preisliste. Die Zahlung erfolgt im Voraus.<br \/>(2) Bei Langzeitmieten ist die Zahlung zum ersten Werktag des jeweiligen Monats zu leisten.<br \/>(3) Der Vermieter kann eine angemessene Kaution zur Absicherung gegen Sch\u00e4den, Vertragsverletzungen oder offene<br \/>Nachberechnungen verlangen.<br \/>(5) Ger\u00e4t der Mieter mit Zahlungen in Verzug, werden Verzugszinsen in gesetzlicher H\u00f6he sowie Mahngeb\u00fchren in H\u00f6he<br \/>von 5,00\u202f\u20ac je Mahnschreiben erhoben.<br \/>(6) Der Mietpreis sowie s\u00e4mtliche mit dem Mietverh\u00e4ltnis verbundenen Nebenkosten k\u00f6nnen in bar oder mittels<br \/>anerkannter bargeldloser Zahlungsarten entrichtet werden.<br \/>Akzeptierte Zahlungsmittel sind:<br \/>\u2022 Barzahlung (nur bei pers\u00f6nlicher \u00dcbergabe),<br \/>\u2022 EC-\/Girocard,<br \/>\u2022 Kreditkarten der Anbieter Mastercard, Visa, American Express,<br \/>\u2022 elektronisches Lastschriftverfahren (SEPA-ELV) mit entsprechender Einzugserm\u00e4chtigung.<br \/>\u2022<br \/>Der Vermieter beh\u00e4lt sich vor, die Annahme bestimmter Zahlungsmittel im Einzelfall oder bei Risikobewertung abzulehnen.<br \/>Ein Anspruch des Mieters auf Nutzung bestimmter Zahlungsarten besteht nicht.<br \/>Die Belastung des angegebenen Zahlungsmittels kann auch nach R\u00fcckgabe erfolgen, insbesondere bei Nachberechnungen<br \/>(z.\u202fB. Mehrkilometer, Reinigung, Schadenersatz, Bu\u00dfgelder).<\/p><p>\u00a0<\/p><p><b>\u00a78 R\u00fccktritt und Stornierung <\/b><\/p><p>(1) Stornierungen bis 4 Wochen vor Mietbeginn sind kostenfrei. Danach gilt:<br \/>\u2013 bis 7 Tage vorher: 50\u202f% des Mietpreises,<br \/>\u2013 ab 48 Stunden vorher: 80\u202f% des Mietpreises.<br \/>(2) Der R\u00fccktritt hat in Textform zu erfolgen. Dem Mieter bleibt es unbenommen, einen geringeren Schaden nachzuweisen.<\/p><p>\u00a0<\/p><p><b>\u00a79 Vertragslaufzeit und K\u00fcndigung <\/b><\/p><p>(1) Der Vertrag endet mit Ablauf der vereinbarten Mietzeit.<br \/>(2) Eine Verl\u00e4ngerung ist nur mit vorheriger schriftlicher Zustimmung des Vermieters m\u00f6glich.<br \/>(3) Das Recht zur au\u00dferordentlichen K\u00fcndigung aus wichtigem Grund bleibt unber\u00fchrt.<\/p><p>\u00a0<\/p><p><b>\u00a710 L\u00e4nderbeschr\u00e4nkung<\/b><\/p><p>(1) Die Einreise in L\u00e4nder der Zone I (u.\u202fa. \u00d6sterreich, Schweiz, Italien, Frankreich, Spanien) ist nur nach ausdr\u00fccklicher<br \/>Genehmigung des Vermieters zul\u00e4ssig.<br \/>(2) Die Einreise in L\u00e4nder der Zone II (alle \u00fcbrigen Staaten, insbesondere Osteuropa Asien und Nordafrika) ist untersagt.<\/p><p>\u00a0<\/p><p><b>\u00a711 Widerrufsrecht<\/b><\/p><p>Ein gesetzliches Widerrufsrecht besteht gem\u00e4\u00df \u00a7\u202f312g Abs.\u202f2 Satz\u202f1 Nr.\u202f9 BGB nicht, da die Vermietung auf ein spezifisches<br \/>Datum beschr\u00e4nkt ist.<\/p><p><b>\u00a712 Reinigungspflichten, Tiertransporte und Rauchverbot <\/b><\/p><p>(1) Das Rauchen im Fahrzeug ist ausnahmslos verboten. Bei Versto\u00df wird eine Reinigungspauschale in H\u00f6he von 150,00\u202f\u20ac<br \/>f\u00e4llig.<br \/>(2) Der Transport von Tieren bedarf der ausdr\u00fccklichen Genehmigung des Vermieters. Bei nachgewiesener Verschmutzung<br \/>oder Geruchsbelastung durch Tiere wird ebenfalls eine Reinigungspauschale in H\u00f6he von 150,00\u202f\u20ac erhoben.<\/p><p>\u00a0<\/p><p><b>\u00a713 Kilometerregelung <\/b><\/p><p>(1) Inklusiv Kilometer laut Mietvertrag sind verbindlich.<br \/>(2) F\u00fcr Mieten bis einschlie\u00dflich 30 Tage wird jeder zus\u00e4tzliche Kilometer mit 0,45\u202f\u20ac brutto berechnet.<br \/>(3) Bei Mieten ab 31 Tagen betr\u00e4gt der Preis pro Mehrkilometer 0,35\u202f\u20ac brutto.<br \/>(4) Nicht genutzte Freikilometer verfallen.<br \/>(5) Ist bei R\u00fcckgabe kein Kilometerstand feststellbar, ist der Vermieter zur Sch\u00e4tzung berechtigt, basierend auf typischem<br \/>Nutzungsverhalten und Durchschnittswerten.<\/p><p><b>\u00a714 Zahlungsweise, R\u00fccklastschriften und Geb\u00fchreneinzug<\/b><\/p><p>(1) Der Mieter erm\u00e4chtigt den Vermieter zum Einzug aller Forderungen aus dem Mietverh\u00e4ltnis per SEPALastschriftverfahren. Dazu z\u00e4hlen insbesondere Mietgeb\u00fchren, Zusatzleistungen, Reinigungs- und Kraftstoffkosten,<br \/>Verwaltungsgeb\u00fchren sowie Bu\u00dfgeldforderungen.<br \/>(2) Der Mieter hat f\u00fcr ausreichende Deckung seines Kontos zu sorgen.<br \/>(3) Bei R\u00fccklastschriften, die der Mieter zu vertreten hat, f\u00e4llt eine pauschale Bearbeitungsgeb\u00fchr in H\u00f6he von 5,00\u202f\u20ac an.<br \/>Zus\u00e4tzlich k\u00f6nnen etwaige R\u00fccklastschriftgeb\u00fchren der Bank weiterbelastet werden.<br \/>(4) F\u00fcr die Bearbeitung von Ordnungswidrigkeiten wird eine zus\u00e4tzliche Verwaltungsgeb\u00fchr in H\u00f6he von 25,00\u202f\u20ac je Fall<br \/>erhoben.<br \/>(5) Der Mieter ist berechtigt, den Nachweis eines geringeren Schadens oder Aufwands zu erbringen.<\/p><p><b>\u00a715 Schlussbestimmungen <\/b><\/p><p>(1) \u00c4nderungen und Erg\u00e4nzungen bed\u00fcrfen der Schriftform.<br \/>(2) Gerichtsstand ist Aachen, soweit gesetzlich zul\u00e4ssig.<br \/>(3) Sollten einzelne Bestimmungen dieser AGB unwirksam sein, bleiben die \u00fcbrigen Regelungen davon unber\u00fchrt.<br \/>Mit seiner Unterschrift auf den Mietvertrag\/\u00dcbergabeprotokoll best\u00e4tigt der Mieter, die Allgemeinen<br \/>Gesch\u00e4ftsbedingungen (AGB) der Muritec GmbH vollst\u00e4ndig gelesen, verstanden und zur Kenntnis genommen zu<br \/>haben. Er erkennt diese als verbindlichen Vertragsbestandteil an. Dies umfasst auch die Datenschutzerkl\u00e4rung,<br \/>die Bedingungen zur Fahrzeugr\u00fcckgabe sowie die Hinweise zur Fahrzeugortung und Telematik.<\/p><p><b>Muritec GmbH | Ottostra\u00dfe 70 | 52070 Aachen | Gesch\u00e4ftsf\u00fchrer: Murat Arslan<br \/><strong>HRB 24089 Aachen | Steuernummer: 201\/5980\/5642 | USt-IdNr.: DE339992815<\/strong><br \/><strong>Sparkasse Aachen | IBAN: DE88 3905 0000 1073 6382 62 | BIC: AACSDE33XX<\/strong><br \/><strong>Stand 03.09.2025<\/strong><\/b><\/p>\t\t\t\t\t\t\t\t<\/div>\n\t\t\t\t\t<\/div>\n\t\t<\/div>\n\t\t\t\t<div class=\"elementor-column elementor-col-33 elementor-inner-column elementor-element elementor-element-498942e\" data-id=\"498942e\" data-element_type=\"column\" data-e-type=\"column\">\n\t\t\t<div class=\"elementor-widget-wrap\">\n\t\t\t\t\t\t\t<\/div>\n\t\t<\/div>\n\t\t\t\t\t<\/div>\n\t\t<\/section>\n\t\t\t\t\t<\/div>\n\t\t<\/div>\n\t\t\t\t\t<\/div>\n\t\t<\/section>\n\t\t\t\t<\/div>","protected":false},"excerpt":{"rendered":"<p>Agb Muritec GmbH \u00b7 Otto Stra\u00dfe 70 \u00b7 52070 Aachen\u00a0 31.07.2025 Allgemeine Gesch\u00e4ftsbedingungen (AGB) der Muritec GmbH f\u00fcr die Vermietung von Fahrzeugen Download \ud83d\udce5 Diamond Motion GmbH \u00a71 Geltungsbereich und Vertragsgrundlagen \u00a0 (1) Die Allgemeinen Gesch\u00e4ftsbedingungen (AGB) regeln die Bedingungen f\u00fcr die entgeltliche, zeitlich befristete\u00dcberlassung von Kraftfahrzeugen durch die Muritec GmbH an Mieter, die entweder [&hellip;]<\/p>\n","protected":false},"author":1,"featured_media":0,"parent":0,"menu_order":0,"comment_status":"closed","ping_status":"closed","template":"elementor_header_footer","meta":{"footnotes":""},"class_list":["post-21","page","type-page","status-publish","hentry"],"_links":{"self":[{"href":"https:\/\/diamondmotion.de\/en\/wp-json\/wp\/v2\/pages\/21","targetHints":{"allow":["GET"]}}],"collection":[{"href":"https:\/\/diamondmotion.de\/en\/wp-json\/wp\/v2\/pages"}],"about":[{"href":"https:\/\/diamondmotion.de\/en\/wp-json\/wp\/v2\/types\/page"}],"author":[{"embeddable":true,"href":"https:\/\/diamondmotion.de\/en\/wp-json\/wp\/v2\/users\/1"}],"replies":[{"embeddable":true,"href":"https:\/\/diamondmotion.de\/en\/wp-json\/wp\/v2\/comments?post=21"}],"version-history":[{"count":19,"href":"https:\/\/diamondmotion.de\/en\/wp-json\/wp\/v2\/pages\/21\/revisions"}],"predecessor-version":[{"id":1096,"href":"https:\/\/diamondmotion.de\/en\/wp-json\/wp\/v2\/pages\/21\/revisions\/1096"}],"wp:attachment":[{"href":"https:\/\/diamondmotion.de\/en\/wp-json\/wp\/v2\/media?parent=21"}],"curies":[{"name":"wp","href":"https:\/\/api.w.org\/{rel}","templated":true}]}}